{"id":781,"date":"2022-07-18T21:07:10","date_gmt":"2022-07-18T19:07:10","guid":{"rendered":"http:\/\/www.pf-auteur.com\/blog\/?page_id=781"},"modified":"2023-04-20T11:47:32","modified_gmt":"2023-04-20T09:47:32","slug":"newsletter","status":"publish","type":"page","link":"https:\/\/www.pf-auteur.com\/blog\/newsletter\/","title":{"rendered":"Newsletter"},"content":{"rendered":"\n<p>Inscrivez-vous \u00e0 ma <strong>newsletter <\/strong>pour vous tenir au courant des mes <strong>actualit\u00e9s <\/strong>(deux emails max par mois). Garantie <span style=\"background-color:#fcedc1\" class=\"has-inline-background\">0% d\u2019huile de <strong>spam<\/strong><\/span> et avec de <span style=\"background-color:#fcedc1\" class=\"has-inline-background\">vrais morceaux d\u2019<strong>exclusivit\u00e9s<\/strong><\/span> dedans.<\/p>\n\n\n\n<p>Et en cadeau, <span style=\"background-color:#fcedc1\" class=\"has-inline-background\">je vous offre un <strong>Mini Art-Book \u00e0 t\u00e9l\u00e9charger<\/strong> et les 5 premiers chapitres de <strong>Lovely XYX <\/strong>\u00e0 lire<\/span>.<\/p>\n\n\n<p><iframe data-w-type=\"embedded\" frameborder=\"0\" scrolling=\"no\" marginheight=\"0\" marginwidth=\"0\" src=\"https:\/\/053kg.mjt.lu\/wgt\/053kg\/5z2\/form?c=542e91d6\" width=\"100%\"><\/iframe><\/p>\n<p><script type=\"text\/javascript\" src=\"https:\/\/app.mailjet.com\/pas-nc-embedded-v1.js\"><\/script><\/p>\n\n\n\n<div class=\"wp-block-group\"><div class=\"wp-block-group__inner-container is-layout-flow wp-block-group-is-layout-flow\">\n<hr class=\"wp-block-separator has-text-color has-alpha-channel-opacity has-background is-style-default\" style=\"background-color:#fcedc1;color:#fcedc1\"\/>\n\n\n\n<h2 class=\"wp-block-heading has-text-align-center\">Mes r\u00e9seaux sociaux<\/h2>\n\n\n\n<ul class=\"wp-block-social-links has-large-icon-size has-icon-background-color is-content-justification-center is-layout-flex wp-container-core-social-links-is-layout-16018d1d wp-block-social-links-is-layout-flex\"><li style=\"background-color:#fcedc1;\" class=\"wp-social-link wp-social-link-facebook  wp-block-social-link\"><a rel=\"noopener nofollow\" target=\"_blank\" href=\"https:\/\/www.facebook.com\/PatrickFontaine.auteur\" class=\"wp-block-social-link-anchor\"><svg width=\"24\" height=\"24\" viewBox=\"0 0 24 24\" version=\"1.1\" xmlns=\"http:\/\/www.w3.org\/2000\/svg\" aria-hidden=\"true\" focusable=\"false\"><path d=\"M12 2C6.5 2 2 6.5 2 12c0 5 3.7 9.1 8.4 9.9v-7H7.9V12h2.5V9.8c0-2.5 1.5-3.9 3.8-3.9 1.1 0 2.2.2 2.2.2v2.5h-1.3c-1.2 0-1.6.8-1.6 1.6V12h2.8l-.4 2.9h-2.3v7C18.3 21.1 22 17 22 12c0-5.5-4.5-10-10-10z\"><\/path><\/svg><span class=\"wp-block-social-link-label screen-reader-text\">Facebook<\/span><\/a><\/li>\n\n<li style=\"background-color:#fcedc1;\" class=\"wp-social-link wp-social-link-twitter  wp-block-social-link\"><a rel=\"noopener nofollow\" target=\"_blank\" href=\"https:\/\/twitter.com\/hello_patrickF\" class=\"wp-block-social-link-anchor\"><svg width=\"24\" height=\"24\" viewBox=\"0 0 24 24\" version=\"1.1\" xmlns=\"http:\/\/www.w3.org\/2000\/svg\" aria-hidden=\"true\" focusable=\"false\"><path d=\"M22.23,5.924c-0.736,0.326-1.527,0.547-2.357,0.646c0.847-0.508,1.498-1.312,1.804-2.27 c-0.793,0.47-1.671,0.812-2.606,0.996C18.324,4.498,17.257,4,16.077,4c-2.266,0-4.103,1.837-4.103,4.103 c0,0.322,0.036,0.635,0.106,0.935C8.67,8.867,5.647,7.234,3.623,4.751C3.27,5.357,3.067,6.062,3.067,6.814 c0,1.424,0.724,2.679,1.825,3.415c-0.673-0.021-1.305-0.206-1.859-0.513c0,0.017,0,0.034,0,0.052c0,1.988,1.414,3.647,3.292,4.023 c-0.344,0.094-0.707,0.144-1.081,0.144c-0.264,0-0.521-0.026-0.772-0.074c0.522,1.63,2.038,2.816,3.833,2.85 c-1.404,1.1-3.174,1.756-5.096,1.756c-0.331,0-0.658-0.019-0.979-0.057c1.816,1.164,3.973,1.843,6.29,1.843 c7.547,0,11.675-6.252,11.675-11.675c0-0.178-0.004-0.355-0.012-0.531C20.985,7.47,21.68,6.747,22.23,5.924z\"><\/path><\/svg><span class=\"wp-block-social-link-label screen-reader-text\">Twitter<\/span><\/a><\/li>\n\n<li style=\"background-color:#fcedc1;\" class=\"wp-social-link wp-social-link-instagram  wp-block-social-link\"><a rel=\"noopener nofollow\" target=\"_blank\" href=\"https:\/\/www.instagram.com\/patrick.fontaine.auteur\/\" class=\"wp-block-social-link-anchor\"><svg width=\"24\" height=\"24\" viewBox=\"0 0 24 24\" version=\"1.1\" xmlns=\"http:\/\/www.w3.org\/2000\/svg\" aria-hidden=\"true\" focusable=\"false\"><path d=\"M12,4.622c2.403,0,2.688,0.009,3.637,0.052c0.877,0.04,1.354,0.187,1.671,0.31c0.42,0.163,0.72,0.358,1.035,0.673 c0.315,0.315,0.51,0.615,0.673,1.035c0.123,0.317,0.27,0.794,0.31,1.671c0.043,0.949,0.052,1.234,0.052,3.637 s-0.009,2.688-0.052,3.637c-0.04,0.877-0.187,1.354-0.31,1.671c-0.163,0.42-0.358,0.72-0.673,1.035 c-0.315,0.315-0.615,0.51-1.035,0.673c-0.317,0.123-0.794,0.27-1.671,0.31c-0.949,0.043-1.233,0.052-3.637,0.052 s-2.688-0.009-3.637-0.052c-0.877-0.04-1.354-0.187-1.671-0.31c-0.42-0.163-0.72-0.358-1.035-0.673 c-0.315-0.315-0.51-0.615-0.673-1.035c-0.123-0.317-0.27-0.794-0.31-1.671C4.631,14.688,4.622,14.403,4.622,12 s0.009-2.688,0.052-3.637c0.04-0.877,0.187-1.354,0.31-1.671c0.163-0.42,0.358-0.72,0.673-1.035 c0.315-0.315,0.615-0.51,1.035-0.673c0.317-0.123,0.794-0.27,1.671-0.31C9.312,4.631,9.597,4.622,12,4.622 M12,3 C9.556,3,9.249,3.01,8.289,3.054C7.331,3.098,6.677,3.25,6.105,3.472C5.513,3.702,5.011,4.01,4.511,4.511 c-0.5,0.5-0.808,1.002-1.038,1.594C3.25,6.677,3.098,7.331,3.054,8.289C3.01,9.249,3,9.556,3,12c0,2.444,0.01,2.751,0.054,3.711 c0.044,0.958,0.196,1.612,0.418,2.185c0.23,0.592,0.538,1.094,1.038,1.594c0.5,0.5,1.002,0.808,1.594,1.038 c0.572,0.222,1.227,0.375,2.185,0.418C9.249,20.99,9.556,21,12,21s2.751-0.01,3.711-0.054c0.958-0.044,1.612-0.196,2.185-0.418 c0.592-0.23,1.094-0.538,1.594-1.038c0.5-0.5,0.808-1.002,1.038-1.594c0.222-0.572,0.375-1.227,0.418-2.185 C20.99,14.751,21,14.444,21,12s-0.01-2.751-0.054-3.711c-0.044-0.958-0.196-1.612-0.418-2.185c-0.23-0.592-0.538-1.094-1.038-1.594 c-0.5-0.5-1.002-0.808-1.594-1.038c-0.572-0.222-1.227-0.375-2.185-0.418C14.751,3.01,14.444,3,12,3L12,3z M12,7.378 c-2.552,0-4.622,2.069-4.622,4.622S9.448,16.622,12,16.622s4.622-2.069,4.622-4.622S14.552,7.378,12,7.378z M12,15 c-1.657,0-3-1.343-3-3s1.343-3,3-3s3,1.343,3,3S13.657,15,12,15z M16.804,6.116c-0.596,0-1.08,0.484-1.08,1.08 s0.484,1.08,1.08,1.08c0.596,0,1.08-0.484,1.08-1.08S17.401,6.116,16.804,6.116z\"><\/path><\/svg><span class=\"wp-block-social-link-label screen-reader-text\">Instagram<\/span><\/a><\/li><\/ul>\n<\/div><\/div>\n","protected":false},"excerpt":{"rendered":"<p>Inscrivez-vous \u00e0 ma newsletter pour vous tenir au courant des mes actualit\u00e9s (deux emails max par mois). Garantie 0% d\u2019huile de spam et avec de vrais morceaux d\u2019exclusivit\u00e9s dedans. Et en cadeau, je vous offre un Mini Art-Book \u00e0 t\u00e9l\u00e9charger et les 5 premiers chapitres de Lovely XYX \u00e0 lire. Mes r\u00e9seaux sociaux<\/p>\n","protected":false},"author":1,"featured_media":1918,"parent":0,"menu_order":0,"comment_status":"closed","ping_status":"closed","template":"","meta":{"_editorskit_title_hidden":false,"_editorskit_reading_time":1,"_editorskit_is_block_options_detached":false,"_editorskit_block_options_position":"{}","footnotes":""},"class_list":["post-781","page","type-page","status-publish","has-post-thumbnail","hentry"],"yoast_head":"<!-- This site is optimized with the Yoast SEO plugin v27.4 - https:\/\/yoast.com\/product\/yoast-seo-wordpress\/ -->\n<title>Newsletter - Patrick Fontaine - Auteur<\/title>\n<meta name=\"robots\" content=\"index, follow, max-snippet:-1, max-image-preview:large, max-video-preview:-1\" \/>\n<link rel=\"canonical\" href=\"https:\/\/www.pf-auteur.com\/blog\/newsletter\/\" \/>\n<meta property=\"og:locale\" content=\"fr_FR\" \/>\n<meta property=\"og:type\" content=\"article\" \/>\n<meta property=\"og:title\" content=\"Newsletter - Patrick Fontaine - Auteur\" \/>\n<meta property=\"og:description\" content=\"Inscrivez-vous \u00e0 ma newsletter pour vous tenir au courant des mes actualit\u00e9s (deux emails max par mois). Garantie 0% d\u2019huile de spam et avec de vrais morceaux d\u2019exclusivit\u00e9s dedans. Et en cadeau, je vous offre un Mini Art-Book \u00e0 t\u00e9l\u00e9charger et les 5 premiers chapitres de Lovely XYX \u00e0 lire. Mes r\u00e9seaux sociaux\" \/>\n<meta property=\"og:url\" content=\"https:\/\/www.pf-auteur.com\/blog\/newsletter\/\" \/>\n<meta property=\"og:site_name\" content=\"Patrick Fontaine - Auteur\" \/>\n<meta property=\"article:publisher\" content=\"https:\/\/www.facebook.com\/PatrickFontaine.auteur\" \/>\n<meta property=\"article:modified_time\" content=\"2023-04-20T09:47:32+00:00\" \/>\n<meta property=\"og:image\" content=\"https:\/\/www.pf-auteur.com\/blog\/wp-content\/uploads\/2022\/10\/newsletter_002.jpg\" \/>\n\t<meta property=\"og:image:width\" content=\"748\" \/>\n\t<meta property=\"og:image:height\" content=\"421\" \/>\n\t<meta property=\"og:image:type\" content=\"image\/jpeg\" \/>\n<meta name=\"twitter:card\" content=\"summary_large_image\" \/>\n<meta name=\"twitter:site\" content=\"@hello_patrickF\" \/>\n<meta name=\"twitter:label1\" content=\"Dur\u00e9e de lecture estim\u00e9e\" \/>\n\t<meta name=\"twitter:data1\" content=\"1 minute\" \/>\n<script type=\"application\/ld+json\" class=\"yoast-schema-graph\">{\"@context\":\"https:\\\/\\\/schema.org\",\"@graph\":[{\"@type\":\"WebPage\",\"@id\":\"https:\\\/\\\/www.pf-auteur.com\\\/blog\\\/newsletter\\\/\",\"url\":\"https:\\\/\\\/www.pf-auteur.com\\\/blog\\\/newsletter\\\/\",\"name\":\"Newsletter - Patrick Fontaine - Auteur\",\"isPartOf\":{\"@id\":\"https:\\\/\\\/www.pf-auteur.com\\\/blog\\\/#website\"},\"primaryImageOfPage\":{\"@id\":\"https:\\\/\\\/www.pf-auteur.com\\\/blog\\\/newsletter\\\/#primaryimage\"},\"image\":{\"@id\":\"https:\\\/\\\/www.pf-auteur.com\\\/blog\\\/newsletter\\\/#primaryimage\"},\"thumbnailUrl\":\"https:\\\/\\\/www.pf-auteur.com\\\/blog\\\/wp-content\\\/uploads\\\/2022\\\/10\\\/newsletter_002.jpg\",\"datePublished\":\"2022-07-18T19:07:10+00:00\",\"dateModified\":\"2023-04-20T09:47:32+00:00\",\"breadcrumb\":{\"@id\":\"https:\\\/\\\/www.pf-auteur.com\\\/blog\\\/newsletter\\\/#breadcrumb\"},\"inLanguage\":\"fr-FR\",\"potentialAction\":[{\"@type\":\"ReadAction\",\"target\":[\"https:\\\/\\\/www.pf-auteur.com\\\/blog\\\/newsletter\\\/\"]}]},{\"@type\":\"ImageObject\",\"inLanguage\":\"fr-FR\",\"@id\":\"https:\\\/\\\/www.pf-auteur.com\\\/blog\\\/newsletter\\\/#primaryimage\",\"url\":\"https:\\\/\\\/www.pf-auteur.com\\\/blog\\\/wp-content\\\/uploads\\\/2022\\\/10\\\/newsletter_002.jpg\",\"contentUrl\":\"https:\\\/\\\/www.pf-auteur.com\\\/blog\\\/wp-content\\\/uploads\\\/2022\\\/10\\\/newsletter_002.jpg\",\"width\":748,\"height\":421,\"caption\":\"Devenez un lecteur VIP et t\u00e9l\u00e9chargez mon Mini Art-Book et les 5 premiers chapitres de Lovely XYX\"},{\"@type\":\"BreadcrumbList\",\"@id\":\"https:\\\/\\\/www.pf-auteur.com\\\/blog\\\/newsletter\\\/#breadcrumb\",\"itemListElement\":[{\"@type\":\"ListItem\",\"position\":1,\"name\":\"Accueil\",\"item\":\"https:\\\/\\\/www.pf-auteur.com\\\/blog\\\/\"},{\"@type\":\"ListItem\",\"position\":2,\"name\":\"Newsletter\"}]},{\"@type\":\"WebSite\",\"@id\":\"https:\\\/\\\/www.pf-auteur.com\\\/blog\\\/#website\",\"url\":\"https:\\\/\\\/www.pf-auteur.com\\\/blog\\\/\",\"name\":\"Patrick Fontaine - Auteur\",\"description\":\"Fantasy, Fantastique, Romance &amp; Illustration\",\"publisher\":{\"@id\":\"https:\\\/\\\/www.pf-auteur.com\\\/blog\\\/#\\\/schema\\\/person\\\/480604fbab2f497e42c8917bd0ce513e\"},\"potentialAction\":[{\"@type\":\"SearchAction\",\"target\":{\"@type\":\"EntryPoint\",\"urlTemplate\":\"https:\\\/\\\/www.pf-auteur.com\\\/blog\\\/?s={search_term_string}\"},\"query-input\":{\"@type\":\"PropertyValueSpecification\",\"valueRequired\":true,\"valueName\":\"search_term_string\"}}],\"inLanguage\":\"fr-FR\"},{\"@type\":[\"Person\",\"Organization\"],\"@id\":\"https:\\\/\\\/www.pf-auteur.com\\\/blog\\\/#\\\/schema\\\/person\\\/480604fbab2f497e42c8917bd0ce513e\",\"name\":\"Patrick\",\"image\":{\"@type\":\"ImageObject\",\"inLanguage\":\"fr-FR\",\"@id\":\"https:\\\/\\\/secure.gravatar.com\\\/avatar\\\/dc4ed6542089290766e4a561a48ec906f5c2c47cb9086634bc1775aafcb0b85c?s=96&d=mm&r=g\",\"url\":\"https:\\\/\\\/secure.gravatar.com\\\/avatar\\\/dc4ed6542089290766e4a561a48ec906f5c2c47cb9086634bc1775aafcb0b85c?s=96&d=mm&r=g\",\"contentUrl\":\"https:\\\/\\\/secure.gravatar.com\\\/avatar\\\/dc4ed6542089290766e4a561a48ec906f5c2c47cb9086634bc1775aafcb0b85c?s=96&d=mm&r=g\",\"caption\":\"Patrick\"},\"logo\":{\"@id\":\"https:\\\/\\\/secure.gravatar.com\\\/avatar\\\/dc4ed6542089290766e4a561a48ec906f5c2c47cb9086634bc1775aafcb0b85c?s=96&d=mm&r=g\"},\"sameAs\":[\"http:\\\/\\\/www.pf-auteur.com\\\/blog\",\"https:\\\/\\\/www.facebook.com\\\/PatrickFontaine.auteur\",\"https:\\\/\\\/www.instagram.com\\\/patrick.fontaine.auteur\\\/\",\"https:\\\/\\\/x.com\\\/https:\\\/\\\/twitter.com\\\/hello_patrickF\"]}]}<\/script>\n<!-- \/ Yoast SEO plugin. -->","yoast_head_json":{"title":"Newsletter - Patrick Fontaine - Auteur","robots":{"index":"index","follow":"follow","max-snippet":"max-snippet:-1","max-image-preview":"max-image-preview:large","max-video-preview":"max-video-preview:-1"},"canonical":"https:\/\/www.pf-auteur.com\/blog\/newsletter\/","og_locale":"fr_FR","og_type":"article","og_title":"Newsletter - Patrick Fontaine - Auteur","og_description":"Inscrivez-vous \u00e0 ma newsletter pour vous tenir au courant des mes actualit\u00e9s (deux emails max par mois). Garantie 0% d\u2019huile de spam et avec de vrais morceaux d\u2019exclusivit\u00e9s dedans. Et en cadeau, je vous offre un Mini Art-Book \u00e0 t\u00e9l\u00e9charger et les 5 premiers chapitres de Lovely XYX \u00e0 lire. Mes r\u00e9seaux sociaux","og_url":"https:\/\/www.pf-auteur.com\/blog\/newsletter\/","og_site_name":"Patrick Fontaine - Auteur","article_publisher":"https:\/\/www.facebook.com\/PatrickFontaine.auteur","article_modified_time":"2023-04-20T09:47:32+00:00","og_image":[{"width":748,"height":421,"url":"https:\/\/www.pf-auteur.com\/blog\/wp-content\/uploads\/2022\/10\/newsletter_002.jpg","type":"image\/jpeg"}],"twitter_card":"summary_large_image","twitter_site":"@hello_patrickF","twitter_misc":{"Dur\u00e9e de lecture estim\u00e9e":"1 minute"},"schema":{"@context":"https:\/\/schema.org","@graph":[{"@type":"WebPage","@id":"https:\/\/www.pf-auteur.com\/blog\/newsletter\/","url":"https:\/\/www.pf-auteur.com\/blog\/newsletter\/","name":"Newsletter - Patrick Fontaine - Auteur","isPartOf":{"@id":"https:\/\/www.pf-auteur.com\/blog\/#website"},"primaryImageOfPage":{"@id":"https:\/\/www.pf-auteur.com\/blog\/newsletter\/#primaryimage"},"image":{"@id":"https:\/\/www.pf-auteur.com\/blog\/newsletter\/#primaryimage"},"thumbnailUrl":"https:\/\/www.pf-auteur.com\/blog\/wp-content\/uploads\/2022\/10\/newsletter_002.jpg","datePublished":"2022-07-18T19:07:10+00:00","dateModified":"2023-04-20T09:47:32+00:00","breadcrumb":{"@id":"https:\/\/www.pf-auteur.com\/blog\/newsletter\/#breadcrumb"},"inLanguage":"fr-FR","potentialAction":[{"@type":"ReadAction","target":["https:\/\/www.pf-auteur.com\/blog\/newsletter\/"]}]},{"@type":"ImageObject","inLanguage":"fr-FR","@id":"https:\/\/www.pf-auteur.com\/blog\/newsletter\/#primaryimage","url":"https:\/\/www.pf-auteur.com\/blog\/wp-content\/uploads\/2022\/10\/newsletter_002.jpg","contentUrl":"https:\/\/www.pf-auteur.com\/blog\/wp-content\/uploads\/2022\/10\/newsletter_002.jpg","width":748,"height":421,"caption":"Devenez un lecteur VIP et t\u00e9l\u00e9chargez mon Mini Art-Book et les 5 premiers chapitres de Lovely XYX"},{"@type":"BreadcrumbList","@id":"https:\/\/www.pf-auteur.com\/blog\/newsletter\/#breadcrumb","itemListElement":[{"@type":"ListItem","position":1,"name":"Accueil","item":"https:\/\/www.pf-auteur.com\/blog\/"},{"@type":"ListItem","position":2,"name":"Newsletter"}]},{"@type":"WebSite","@id":"https:\/\/www.pf-auteur.com\/blog\/#website","url":"https:\/\/www.pf-auteur.com\/blog\/","name":"Patrick Fontaine - Auteur","description":"Fantasy, Fantastique, Romance &amp; Illustration","publisher":{"@id":"https:\/\/www.pf-auteur.com\/blog\/#\/schema\/person\/480604fbab2f497e42c8917bd0ce513e"},"potentialAction":[{"@type":"SearchAction","target":{"@type":"EntryPoint","urlTemplate":"https:\/\/www.pf-auteur.com\/blog\/?s={search_term_string}"},"query-input":{"@type":"PropertyValueSpecification","valueRequired":true,"valueName":"search_term_string"}}],"inLanguage":"fr-FR"},{"@type":["Person","Organization"],"@id":"https:\/\/www.pf-auteur.com\/blog\/#\/schema\/person\/480604fbab2f497e42c8917bd0ce513e","name":"Patrick","image":{"@type":"ImageObject","inLanguage":"fr-FR","@id":"https:\/\/secure.gravatar.com\/avatar\/dc4ed6542089290766e4a561a48ec906f5c2c47cb9086634bc1775aafcb0b85c?s=96&d=mm&r=g","url":"https:\/\/secure.gravatar.com\/avatar\/dc4ed6542089290766e4a561a48ec906f5c2c47cb9086634bc1775aafcb0b85c?s=96&d=mm&r=g","contentUrl":"https:\/\/secure.gravatar.com\/avatar\/dc4ed6542089290766e4a561a48ec906f5c2c47cb9086634bc1775aafcb0b85c?s=96&d=mm&r=g","caption":"Patrick"},"logo":{"@id":"https:\/\/secure.gravatar.com\/avatar\/dc4ed6542089290766e4a561a48ec906f5c2c47cb9086634bc1775aafcb0b85c?s=96&d=mm&r=g"},"sameAs":["http:\/\/www.pf-auteur.com\/blog","https:\/\/www.facebook.com\/PatrickFontaine.auteur","https:\/\/www.instagram.com\/patrick.fontaine.auteur\/","https:\/\/x.com\/https:\/\/twitter.com\/hello_patrickF"]}]}},"jetpack_sharing_enabled":true,"_links":{"self":[{"href":"https:\/\/www.pf-auteur.com\/blog\/wp-json\/wp\/v2\/pages\/781","targetHints":{"allow":["GET"]}}],"collection":[{"href":"https:\/\/www.pf-auteur.com\/blog\/wp-json\/wp\/v2\/pages"}],"about":[{"href":"https:\/\/www.pf-auteur.com\/blog\/wp-json\/wp\/v2\/types\/page"}],"author":[{"embeddable":true,"href":"https:\/\/www.pf-auteur.com\/blog\/wp-json\/wp\/v2\/users\/1"}],"replies":[{"embeddable":true,"href":"https:\/\/www.pf-auteur.com\/blog\/wp-json\/wp\/v2\/comments?post=781"}],"version-history":[{"count":16,"href":"https:\/\/www.pf-auteur.com\/blog\/wp-json\/wp\/v2\/pages\/781\/revisions"}],"predecessor-version":[{"id":2318,"href":"https:\/\/www.pf-auteur.com\/blog\/wp-json\/wp\/v2\/pages\/781\/revisions\/2318"}],"wp:featuredmedia":[{"embeddable":true,"href":"https:\/\/www.pf-auteur.com\/blog\/wp-json\/wp\/v2\/media\/1918"}],"wp:attachment":[{"href":"https:\/\/www.pf-auteur.com\/blog\/wp-json\/wp\/v2\/media?parent=781"}],"curies":[{"name":"wp","href":"https:\/\/api.w.org\/{rel}","templated":true}]}}