{"id":7,"date":"2021-11-18T14:06:32","date_gmt":"2021-11-18T13:06:32","guid":{"rendered":"http:\/\/www.pf-auteur.com\/blog\/?page_id=7"},"modified":"2022-07-21T21:26:07","modified_gmt":"2022-07-21T19:26:07","slug":"contact","status":"publish","type":"page","link":"https:\/\/www.pf-auteur.com\/blog\/contact\/","title":{"rendered":"Contact"},"content":{"rendered":"\n<p>Vous pouvez me contacter via ce <strong>formulaire <\/strong>ou via mes <strong>r\u00e9seaux sociaux<\/strong>.<br>N&rsquo;h\u00e9sitez pas \u00e0 m&rsquo;envoyer un <strong>petit message<\/strong> pour m&rsquo;encourager ou pour me donner votre avis sur un sujet trait\u00e9 sur ce blog.<\/p>\n\n\n\n<div class=\"wp-block-contact-form-7-contact-form-selector\">\n<div class=\"wpcf7 no-js\" id=\"wpcf7-f928-o1\" lang=\"fr-FR\" dir=\"ltr\" data-wpcf7-id=\"928\">\n<div class=\"screen-reader-response\"><p role=\"status\" aria-live=\"polite\" aria-atomic=\"true\"><\/p> <ul><\/ul><\/div>\n<form action=\"\/blog\/wp-json\/wp\/v2\/pages\/7#wpcf7-f928-o1\" method=\"post\" class=\"wpcf7-form init\" aria-label=\"Formulaire de contact\" novalidate=\"novalidate\" data-status=\"init\">\n<fieldset class=\"hidden-fields-container\"><input type=\"hidden\" name=\"_wpcf7\" value=\"928\" \/><input type=\"hidden\" name=\"_wpcf7_version\" value=\"6.1.5\" \/><input type=\"hidden\" name=\"_wpcf7_locale\" value=\"fr_FR\" \/><input type=\"hidden\" name=\"_wpcf7_unit_tag\" value=\"wpcf7-f928-o1\" \/><input type=\"hidden\" name=\"_wpcf7_container_post\" value=\"0\" \/><input type=\"hidden\" name=\"_wpcf7_posted_data_hash\" value=\"\" \/><input type=\"hidden\" name=\"_wpcf7_recaptcha_response\" value=\"\" \/>\n<\/fieldset>\n<p><label> Votre nom<br \/>\n<span class=\"wpcf7-form-control-wrap\" data-name=\"your-name\"><input size=\"40\" maxlength=\"400\" class=\"wpcf7-form-control wpcf7-text wpcf7-validates-as-required\" aria-required=\"true\" aria-invalid=\"false\" value=\"\" type=\"text\" name=\"your-name\" \/><\/span> <\/label>\n<\/p>\n<p><label> Votre e-mail<br \/>\n<span class=\"wpcf7-form-control-wrap\" data-name=\"your-email\"><input size=\"40\" maxlength=\"400\" class=\"wpcf7-form-control wpcf7-email wpcf7-validates-as-required wpcf7-text wpcf7-validates-as-email\" aria-required=\"true\" aria-invalid=\"false\" value=\"\" type=\"email\" name=\"your-email\" \/><\/span> <\/label>\n<\/p>\n<p><label> Objet<br \/>\n<span class=\"wpcf7-form-control-wrap\" data-name=\"your-subject\"><input size=\"40\" maxlength=\"400\" class=\"wpcf7-form-control wpcf7-text wpcf7-validates-as-required\" aria-required=\"true\" aria-invalid=\"false\" value=\"\" type=\"text\" name=\"your-subject\" \/><\/span> <\/label>\n<\/p>\n<p><label> Votre message (facultatif)<br \/>\n<span class=\"wpcf7-form-control-wrap\" data-name=\"your-message\"><textarea cols=\"40\" rows=\"10\" maxlength=\"2000\" class=\"wpcf7-form-control wpcf7-textarea\" aria-invalid=\"false\" name=\"your-message\"><\/textarea><\/span> <\/label>\n<\/p>\n<p><input class=\"wpcf7-form-control wpcf7-submit has-spinner\" type=\"submit\" value=\"Envoyer\" \/>\n<\/p><div class=\"wpcf7-response-output\" aria-hidden=\"true\"><\/div>\n<\/form>\n<\/div>\n<\/div>\n\n\n\n<div class=\"wp-block-group\"><div class=\"wp-block-group__inner-container is-layout-flow wp-block-group-is-layout-flow\">\n<h2 class=\"has-text-align-center wp-block-heading\">Mes r\u00e9seaux sociaux<\/h2>\n\n\n\n<ul class=\"wp-block-social-links has-large-icon-size has-icon-background-color is-content-justification-center is-layout-flex wp-container-core-social-links-is-layout-16018d1d wp-block-social-links-is-layout-flex\"><li style=\"background-color:#ffdd84;\" class=\"wp-social-link wp-social-link-facebook  wp-block-social-link\"><a rel=\"noopener nofollow\" target=\"_blank\" href=\"https:\/\/www.facebook.com\/PatrickFontaine.auteur\" class=\"wp-block-social-link-anchor\"><svg width=\"24\" height=\"24\" viewBox=\"0 0 24 24\" version=\"1.1\" xmlns=\"http:\/\/www.w3.org\/2000\/svg\" aria-hidden=\"true\" focusable=\"false\"><path d=\"M12 2C6.5 2 2 6.5 2 12c0 5 3.7 9.1 8.4 9.9v-7H7.9V12h2.5V9.8c0-2.5 1.5-3.9 3.8-3.9 1.1 0 2.2.2 2.2.2v2.5h-1.3c-1.2 0-1.6.8-1.6 1.6V12h2.8l-.4 2.9h-2.3v7C18.3 21.1 22 17 22 12c0-5.5-4.5-10-10-10z\"><\/path><\/svg><span class=\"wp-block-social-link-label screen-reader-text\">Facebook<\/span><\/a><\/li>\n\n<li style=\"background-color:#ffdd84;\" class=\"wp-social-link wp-social-link-twitter  wp-block-social-link\"><a rel=\"noopener nofollow\" target=\"_blank\" href=\"https:\/\/twitter.com\/hello_patrickF\" class=\"wp-block-social-link-anchor\"><svg width=\"24\" height=\"24\" viewBox=\"0 0 24 24\" version=\"1.1\" xmlns=\"http:\/\/www.w3.org\/2000\/svg\" aria-hidden=\"true\" focusable=\"false\"><path d=\"M22.23,5.924c-0.736,0.326-1.527,0.547-2.357,0.646c0.847-0.508,1.498-1.312,1.804-2.27 c-0.793,0.47-1.671,0.812-2.606,0.996C18.324,4.498,17.257,4,16.077,4c-2.266,0-4.103,1.837-4.103,4.103 c0,0.322,0.036,0.635,0.106,0.935C8.67,8.867,5.647,7.234,3.623,4.751C3.27,5.357,3.067,6.062,3.067,6.814 c0,1.424,0.724,2.679,1.825,3.415c-0.673-0.021-1.305-0.206-1.859-0.513c0,0.017,0,0.034,0,0.052c0,1.988,1.414,3.647,3.292,4.023 c-0.344,0.094-0.707,0.144-1.081,0.144c-0.264,0-0.521-0.026-0.772-0.074c0.522,1.63,2.038,2.816,3.833,2.85 c-1.404,1.1-3.174,1.756-5.096,1.756c-0.331,0-0.658-0.019-0.979-0.057c1.816,1.164,3.973,1.843,6.29,1.843 c7.547,0,11.675-6.252,11.675-11.675c0-0.178-0.004-0.355-0.012-0.531C20.985,7.47,21.68,6.747,22.23,5.924z\"><\/path><\/svg><span class=\"wp-block-social-link-label screen-reader-text\">Twitter<\/span><\/a><\/li>\n\n<li style=\"background-color:#ffdd84;\" class=\"wp-social-link wp-social-link-instagram  wp-block-social-link\"><a rel=\"noopener nofollow\" target=\"_blank\" href=\"https:\/\/www.instagram.com\/patrick.fontaine.auteur\/\" class=\"wp-block-social-link-anchor\"><svg width=\"24\" height=\"24\" viewBox=\"0 0 24 24\" version=\"1.1\" xmlns=\"http:\/\/www.w3.org\/2000\/svg\" aria-hidden=\"true\" focusable=\"false\"><path d=\"M12,4.622c2.403,0,2.688,0.009,3.637,0.052c0.877,0.04,1.354,0.187,1.671,0.31c0.42,0.163,0.72,0.358,1.035,0.673 c0.315,0.315,0.51,0.615,0.673,1.035c0.123,0.317,0.27,0.794,0.31,1.671c0.043,0.949,0.052,1.234,0.052,3.637 s-0.009,2.688-0.052,3.637c-0.04,0.877-0.187,1.354-0.31,1.671c-0.163,0.42-0.358,0.72-0.673,1.035 c-0.315,0.315-0.615,0.51-1.035,0.673c-0.317,0.123-0.794,0.27-1.671,0.31c-0.949,0.043-1.233,0.052-3.637,0.052 s-2.688-0.009-3.637-0.052c-0.877-0.04-1.354-0.187-1.671-0.31c-0.42-0.163-0.72-0.358-1.035-0.673 c-0.315-0.315-0.51-0.615-0.673-1.035c-0.123-0.317-0.27-0.794-0.31-1.671C4.631,14.688,4.622,14.403,4.622,12 s0.009-2.688,0.052-3.637c0.04-0.877,0.187-1.354,0.31-1.671c0.163-0.42,0.358-0.72,0.673-1.035 c0.315-0.315,0.615-0.51,1.035-0.673c0.317-0.123,0.794-0.27,1.671-0.31C9.312,4.631,9.597,4.622,12,4.622 M12,3 C9.556,3,9.249,3.01,8.289,3.054C7.331,3.098,6.677,3.25,6.105,3.472C5.513,3.702,5.011,4.01,4.511,4.511 c-0.5,0.5-0.808,1.002-1.038,1.594C3.25,6.677,3.098,7.331,3.054,8.289C3.01,9.249,3,9.556,3,12c0,2.444,0.01,2.751,0.054,3.711 c0.044,0.958,0.196,1.612,0.418,2.185c0.23,0.592,0.538,1.094,1.038,1.594c0.5,0.5,1.002,0.808,1.594,1.038 c0.572,0.222,1.227,0.375,2.185,0.418C9.249,20.99,9.556,21,12,21s2.751-0.01,3.711-0.054c0.958-0.044,1.612-0.196,2.185-0.418 c0.592-0.23,1.094-0.538,1.594-1.038c0.5-0.5,0.808-1.002,1.038-1.594c0.222-0.572,0.375-1.227,0.418-2.185 C20.99,14.751,21,14.444,21,12s-0.01-2.751-0.054-3.711c-0.044-0.958-0.196-1.612-0.418-2.185c-0.23-0.592-0.538-1.094-1.038-1.594 c-0.5-0.5-1.002-0.808-1.594-1.038c-0.572-0.222-1.227-0.375-2.185-0.418C14.751,3.01,14.444,3,12,3L12,3z M12,7.378 c-2.552,0-4.622,2.069-4.622,4.622S9.448,16.622,12,16.622s4.622-2.069,4.622-4.622S14.552,7.378,12,7.378z M12,15 c-1.657,0-3-1.343-3-3s1.343-3,3-3s3,1.343,3,3S13.657,15,12,15z M16.804,6.116c-0.596,0-1.08,0.484-1.08,1.08 s0.484,1.08,1.08,1.08c0.596,0,1.08-0.484,1.08-1.08S17.401,6.116,16.804,6.116z\"><\/path><\/svg><span class=\"wp-block-social-link-label screen-reader-text\">Instagram<\/span><\/a><\/li><\/ul>\n\n\n\n<hr class=\"wp-block-separator has-text-color has-alpha-channel-opacity has-background is-style-default\" style=\"background-color:#fcedc1;color:#fcedc1\"\/>\n\n\n\n<p>Inscrivez-vous \u00e0 ma <strong>newsletter<\/strong> pour suivre mon actualit\u00e9 et t\u00e9l\u00e9chargez en exclusivit\u00e9 mon <strong>Mini Art-Book<\/strong>.<\/p>\n\n\n\n<div class=\"wp-block-buttons is-layout-flex wp-block-buttons-is-layout-flex\">\n<div class=\"wp-block-button aligncenter has-custom-font-size is-style-fill has-medium-font-size\"><a class=\"wp-block-button__link has-background\" href=\"https:\/\/www.pf-auteur.com\/blog\/index.php\/newsletter\/\" style=\"background-color:#e36c59\"><strong>Je deviens un <\/strong>lecteur VIP<\/a><\/div>\n<\/div>\n<\/div><\/div>\n\n\n\n<div style=\"height:50px\" aria-hidden=\"true\" class=\"wp-block-spacer\"><\/div>\n\n\n\n<hr class=\"wp-block-separator has-text-color has-alpha-channel-opacity has-background is-style-default\" style=\"background-color:#fcedc1;color:#fcedc1\"\/>\n\n\n\n<div class=\"wp-block-columns is-layout-flex wp-container-core-columns-is-layout-9d6595d7 wp-block-columns-is-layout-flex\">\n<div class=\"wp-block-column is-layout-flow wp-block-column-is-layout-flow\">\n<h2 class=\"wp-block-heading\">Responsable du site<\/h2>\n\n\n\n<p><strong>Patrick Fontaine<br><\/strong>57 rue Louis Charles Vernin 77000 Melun, FRANCE<br>hello@patrick-fontaine.com<br>t\u00e9l&nbsp;: 06&nbsp;51&nbsp;65&nbsp;53&nbsp;50<br>Siret&nbsp;: 791&nbsp;090&nbsp;061&nbsp;00023<\/p>\n<\/div>\n\n\n\n<div class=\"wp-block-column is-layout-flow wp-block-column-is-layout-flow\">\n<h2 class=\"wp-block-heading\">H\u00e9bergeur<\/h2>\n\n\n\n<p><strong>OVH<\/strong><br>SAS au capital de 10&nbsp;000&nbsp;000&nbsp;\u20ac<br>RCS Roubaix&nbsp;\u2013&nbsp;Tourcoing 424&nbsp;761&nbsp;419&nbsp;00045<br>Code APE 6202A<br>N\u00b0 TVA&nbsp;: FR 22&nbsp;424&nbsp;761&nbsp;419<br>Si\u00e8ge social&nbsp;: 2 rue Kellermann 59100 ROUBAIX<\/p>\n<\/div>\n<\/div>\n","protected":false},"excerpt":{"rendered":"<p>Vous pouvez me contacter via ce formulaire ou via mes r\u00e9seaux sociaux.N&rsquo;h\u00e9sitez pas \u00e0 m&rsquo;envoyer un petit message pour m&rsquo;encourager ou pour me donner votre avis sur un sujet trait\u00e9 sur ce blog. Mes r\u00e9seaux sociaux Inscrivez-vous \u00e0 ma newsletter pour suivre mon actualit\u00e9 et t\u00e9l\u00e9chargez en exclusivit\u00e9 mon Mini Art-Book. Responsable du site Patrick &hellip; <\/p>\n<p class=\"link-more\"><a href=\"https:\/\/www.pf-auteur.com\/blog\/contact\/\" class=\"more-link\">Continuer la lecture<span class=\"screen-reader-text\"> de &laquo;&nbsp;Contact&nbsp;&raquo;<\/span><\/a><\/p>\n","protected":false},"author":1,"featured_media":0,"parent":0,"menu_order":0,"comment_status":"closed","ping_status":"closed","template":"","meta":{"_editorskit_title_hidden":false,"_editorskit_reading_time":1,"_editorskit_is_block_options_detached":false,"_editorskit_block_options_position":"{}","footnotes":""},"class_list":["post-7","page","type-page","status-publish","hentry"],"yoast_head":"<!-- This site is optimized with the Yoast SEO plugin v27.5 - https:\/\/yoast.com\/product\/yoast-seo-wordpress\/ -->\n<title>Contact - Patrick Fontaine - Auteur<\/title>\n<meta name=\"robots\" content=\"index, follow, max-snippet:-1, max-image-preview:large, max-video-preview:-1\" \/>\n<link rel=\"canonical\" href=\"https:\/\/www.pf-auteur.com\/blog\/contact\/\" \/>\n<meta property=\"og:locale\" content=\"fr_FR\" \/>\n<meta property=\"og:type\" content=\"article\" \/>\n<meta property=\"og:title\" content=\"Contact - Patrick Fontaine - Auteur\" \/>\n<meta property=\"og:description\" content=\"Vous pouvez me contacter via ce formulaire ou via mes r\u00e9seaux sociaux.N&rsquo;h\u00e9sitez pas \u00e0 m&rsquo;envoyer un petit message pour m&rsquo;encourager ou pour me donner votre avis sur un sujet trait\u00e9 sur ce blog. Mes r\u00e9seaux sociaux Inscrivez-vous \u00e0 ma newsletter pour suivre mon actualit\u00e9 et t\u00e9l\u00e9chargez en exclusivit\u00e9 mon Mini Art-Book. Responsable du site Patrick &hellip; Continuer la lecture de &laquo;&nbsp;Contact&nbsp;&raquo;\" \/>\n<meta property=\"og:url\" content=\"https:\/\/www.pf-auteur.com\/blog\/contact\/\" \/>\n<meta property=\"og:site_name\" content=\"Patrick Fontaine - Auteur\" \/>\n<meta property=\"article:publisher\" content=\"https:\/\/www.facebook.com\/PatrickFontaine.auteur\" \/>\n<meta property=\"article:modified_time\" content=\"2022-07-21T19:26:07+00:00\" \/>\n<meta name=\"twitter:card\" content=\"summary_large_image\" \/>\n<meta name=\"twitter:site\" content=\"@hello_patrickF\" \/>\n<meta name=\"twitter:label1\" content=\"Dur\u00e9e de lecture estim\u00e9e\" \/>\n\t<meta name=\"twitter:data1\" content=\"1 minute\" \/>\n<script type=\"application\/ld+json\" class=\"yoast-schema-graph\">{\"@context\":\"https:\\\/\\\/schema.org\",\"@graph\":[{\"@type\":\"WebPage\",\"@id\":\"https:\\\/\\\/www.pf-auteur.com\\\/blog\\\/contact\\\/\",\"url\":\"https:\\\/\\\/www.pf-auteur.com\\\/blog\\\/contact\\\/\",\"name\":\"Contact - Patrick Fontaine - Auteur\",\"isPartOf\":{\"@id\":\"https:\\\/\\\/www.pf-auteur.com\\\/blog\\\/#website\"},\"datePublished\":\"2021-11-18T13:06:32+00:00\",\"dateModified\":\"2022-07-21T19:26:07+00:00\",\"breadcrumb\":{\"@id\":\"https:\\\/\\\/www.pf-auteur.com\\\/blog\\\/contact\\\/#breadcrumb\"},\"inLanguage\":\"fr-FR\",\"potentialAction\":[{\"@type\":\"ReadAction\",\"target\":[\"https:\\\/\\\/www.pf-auteur.com\\\/blog\\\/contact\\\/\"]}]},{\"@type\":\"BreadcrumbList\",\"@id\":\"https:\\\/\\\/www.pf-auteur.com\\\/blog\\\/contact\\\/#breadcrumb\",\"itemListElement\":[{\"@type\":\"ListItem\",\"position\":1,\"name\":\"Accueil\",\"item\":\"https:\\\/\\\/www.pf-auteur.com\\\/blog\\\/\"},{\"@type\":\"ListItem\",\"position\":2,\"name\":\"Contact\"}]},{\"@type\":\"WebSite\",\"@id\":\"https:\\\/\\\/www.pf-auteur.com\\\/blog\\\/#website\",\"url\":\"https:\\\/\\\/www.pf-auteur.com\\\/blog\\\/\",\"name\":\"Patrick Fontaine - Auteur\",\"description\":\"Fantasy, Fantastique, Romance &amp; Illustration\",\"publisher\":{\"@id\":\"https:\\\/\\\/www.pf-auteur.com\\\/blog\\\/#\\\/schema\\\/person\\\/480604fbab2f497e42c8917bd0ce513e\"},\"potentialAction\":[{\"@type\":\"SearchAction\",\"target\":{\"@type\":\"EntryPoint\",\"urlTemplate\":\"https:\\\/\\\/www.pf-auteur.com\\\/blog\\\/?s={search_term_string}\"},\"query-input\":{\"@type\":\"PropertyValueSpecification\",\"valueRequired\":true,\"valueName\":\"search_term_string\"}}],\"inLanguage\":\"fr-FR\"},{\"@type\":[\"Person\",\"Organization\"],\"@id\":\"https:\\\/\\\/www.pf-auteur.com\\\/blog\\\/#\\\/schema\\\/person\\\/480604fbab2f497e42c8917bd0ce513e\",\"name\":\"Patrick\",\"image\":{\"@type\":\"ImageObject\",\"inLanguage\":\"fr-FR\",\"@id\":\"https:\\\/\\\/secure.gravatar.com\\\/avatar\\\/dc4ed6542089290766e4a561a48ec906f5c2c47cb9086634bc1775aafcb0b85c?s=96&d=mm&r=g\",\"url\":\"https:\\\/\\\/secure.gravatar.com\\\/avatar\\\/dc4ed6542089290766e4a561a48ec906f5c2c47cb9086634bc1775aafcb0b85c?s=96&d=mm&r=g\",\"contentUrl\":\"https:\\\/\\\/secure.gravatar.com\\\/avatar\\\/dc4ed6542089290766e4a561a48ec906f5c2c47cb9086634bc1775aafcb0b85c?s=96&d=mm&r=g\",\"caption\":\"Patrick\"},\"logo\":{\"@id\":\"https:\\\/\\\/secure.gravatar.com\\\/avatar\\\/dc4ed6542089290766e4a561a48ec906f5c2c47cb9086634bc1775aafcb0b85c?s=96&d=mm&r=g\"},\"sameAs\":[\"http:\\\/\\\/www.pf-auteur.com\\\/blog\",\"https:\\\/\\\/www.facebook.com\\\/PatrickFontaine.auteur\",\"https:\\\/\\\/www.instagram.com\\\/patrick.fontaine.auteur\\\/\",\"https:\\\/\\\/x.com\\\/https:\\\/\\\/twitter.com\\\/hello_patrickF\"]}]}<\/script>\n<!-- \/ Yoast SEO plugin. -->","yoast_head_json":{"title":"Contact - Patrick Fontaine - Auteur","robots":{"index":"index","follow":"follow","max-snippet":"max-snippet:-1","max-image-preview":"max-image-preview:large","max-video-preview":"max-video-preview:-1"},"canonical":"https:\/\/www.pf-auteur.com\/blog\/contact\/","og_locale":"fr_FR","og_type":"article","og_title":"Contact - Patrick Fontaine - Auteur","og_description":"Vous pouvez me contacter via ce formulaire ou via mes r\u00e9seaux sociaux.N&rsquo;h\u00e9sitez pas \u00e0 m&rsquo;envoyer un petit message pour m&rsquo;encourager ou pour me donner votre avis sur un sujet trait\u00e9 sur ce blog. Mes r\u00e9seaux sociaux Inscrivez-vous \u00e0 ma newsletter pour suivre mon actualit\u00e9 et t\u00e9l\u00e9chargez en exclusivit\u00e9 mon Mini Art-Book. Responsable du site Patrick &hellip; Continuer la lecture de &laquo;&nbsp;Contact&nbsp;&raquo;","og_url":"https:\/\/www.pf-auteur.com\/blog\/contact\/","og_site_name":"Patrick Fontaine - Auteur","article_publisher":"https:\/\/www.facebook.com\/PatrickFontaine.auteur","article_modified_time":"2022-07-21T19:26:07+00:00","twitter_card":"summary_large_image","twitter_site":"@hello_patrickF","twitter_misc":{"Dur\u00e9e de lecture estim\u00e9e":"1 minute"},"schema":{"@context":"https:\/\/schema.org","@graph":[{"@type":"WebPage","@id":"https:\/\/www.pf-auteur.com\/blog\/contact\/","url":"https:\/\/www.pf-auteur.com\/blog\/contact\/","name":"Contact - Patrick Fontaine - Auteur","isPartOf":{"@id":"https:\/\/www.pf-auteur.com\/blog\/#website"},"datePublished":"2021-11-18T13:06:32+00:00","dateModified":"2022-07-21T19:26:07+00:00","breadcrumb":{"@id":"https:\/\/www.pf-auteur.com\/blog\/contact\/#breadcrumb"},"inLanguage":"fr-FR","potentialAction":[{"@type":"ReadAction","target":["https:\/\/www.pf-auteur.com\/blog\/contact\/"]}]},{"@type":"BreadcrumbList","@id":"https:\/\/www.pf-auteur.com\/blog\/contact\/#breadcrumb","itemListElement":[{"@type":"ListItem","position":1,"name":"Accueil","item":"https:\/\/www.pf-auteur.com\/blog\/"},{"@type":"ListItem","position":2,"name":"Contact"}]},{"@type":"WebSite","@id":"https:\/\/www.pf-auteur.com\/blog\/#website","url":"https:\/\/www.pf-auteur.com\/blog\/","name":"Patrick Fontaine - Auteur","description":"Fantasy, Fantastique, Romance &amp; Illustration","publisher":{"@id":"https:\/\/www.pf-auteur.com\/blog\/#\/schema\/person\/480604fbab2f497e42c8917bd0ce513e"},"potentialAction":[{"@type":"SearchAction","target":{"@type":"EntryPoint","urlTemplate":"https:\/\/www.pf-auteur.com\/blog\/?s={search_term_string}"},"query-input":{"@type":"PropertyValueSpecification","valueRequired":true,"valueName":"search_term_string"}}],"inLanguage":"fr-FR"},{"@type":["Person","Organization"],"@id":"https:\/\/www.pf-auteur.com\/blog\/#\/schema\/person\/480604fbab2f497e42c8917bd0ce513e","name":"Patrick","image":{"@type":"ImageObject","inLanguage":"fr-FR","@id":"https:\/\/secure.gravatar.com\/avatar\/dc4ed6542089290766e4a561a48ec906f5c2c47cb9086634bc1775aafcb0b85c?s=96&d=mm&r=g","url":"https:\/\/secure.gravatar.com\/avatar\/dc4ed6542089290766e4a561a48ec906f5c2c47cb9086634bc1775aafcb0b85c?s=96&d=mm&r=g","contentUrl":"https:\/\/secure.gravatar.com\/avatar\/dc4ed6542089290766e4a561a48ec906f5c2c47cb9086634bc1775aafcb0b85c?s=96&d=mm&r=g","caption":"Patrick"},"logo":{"@id":"https:\/\/secure.gravatar.com\/avatar\/dc4ed6542089290766e4a561a48ec906f5c2c47cb9086634bc1775aafcb0b85c?s=96&d=mm&r=g"},"sameAs":["http:\/\/www.pf-auteur.com\/blog","https:\/\/www.facebook.com\/PatrickFontaine.auteur","https:\/\/www.instagram.com\/patrick.fontaine.auteur\/","https:\/\/x.com\/https:\/\/twitter.com\/hello_patrickF"]}]}},"jetpack_sharing_enabled":true,"_links":{"self":[{"href":"https:\/\/www.pf-auteur.com\/blog\/wp-json\/wp\/v2\/pages\/7","targetHints":{"allow":["GET"]}}],"collection":[{"href":"https:\/\/www.pf-auteur.com\/blog\/wp-json\/wp\/v2\/pages"}],"about":[{"href":"https:\/\/www.pf-auteur.com\/blog\/wp-json\/wp\/v2\/types\/page"}],"author":[{"embeddable":true,"href":"https:\/\/www.pf-auteur.com\/blog\/wp-json\/wp\/v2\/users\/1"}],"replies":[{"embeddable":true,"href":"https:\/\/www.pf-auteur.com\/blog\/wp-json\/wp\/v2\/comments?post=7"}],"version-history":[{"count":5,"href":"https:\/\/www.pf-auteur.com\/blog\/wp-json\/wp\/v2\/pages\/7\/revisions"}],"predecessor-version":[{"id":930,"href":"https:\/\/www.pf-auteur.com\/blog\/wp-json\/wp\/v2\/pages\/7\/revisions\/930"}],"wp:attachment":[{"href":"https:\/\/www.pf-auteur.com\/blog\/wp-json\/wp\/v2\/media?parent=7"}],"curies":[{"name":"wp","href":"https:\/\/api.w.org\/{rel}","templated":true}]}}