{"id":6,"date":"2021-11-18T14:06:32","date_gmt":"2021-11-18T13:06:32","guid":{"rendered":"http:\/\/www.pf-auteur.com\/blog\/?page_id=6"},"modified":"2024-10-07T12:42:18","modified_gmt":"2024-10-07T10:42:18","slug":"a-propos-de","status":"publish","type":"page","link":"https:\/\/www.pf-auteur.com\/blog\/a-propos-de\/","title":{"rendered":"\u00c0 propos de"},"content":{"rendered":"\n<div class=\"wp-block-columns is-layout-flex wp-container-core-columns-is-layout-9d6595d7 wp-block-columns-is-layout-flex\">\n<div class=\"wp-block-column is-layout-flow wp-block-column-is-layout-flow\" style=\"flex-basis:66.66%\">\n<h2 class=\"wp-block-heading\">Il \u00e9tait une fois\u2026<\/h2>\n\n\n\n<p class=\"has-drop-cap has-text-align-justify\">N\u00e9 \u00e0 l\u2019\u00cele de la R\u00e9union, j&rsquo;ai \u00e9tudi\u00e9 la <strong>communication visuelle<\/strong> et les <strong>arts appliqu\u00e9s<\/strong> en M\u00e9tropole. Apr\u00e8s avoir accumul\u00e9 des exp\u00e9riences dans des agences pendant dix ans en tant que <strong>graphiste <\/strong>je reviens \u00e0 ma premi\u00e8re passion&nbsp;: l\u2019<strong>illustration<\/strong>.<\/p>\n\n\n\n<p class=\"has-text-align-justify\">Rapidement, l&rsquo;envie d&rsquo;aller plus loin s&rsquo;installe\u2026 un dessin ne raconte pas assez&nbsp;! <span style=\"background-color:#fcedc1\" class=\"has-inline-background\">Je veux <strong>\u00e9crire des histoires<\/strong><\/span>, faire vivre les sc\u00e8nes que j&rsquo;illustre, mettre sur papier les dialogues entre les personnages qui <span style=\"background-color:#fcedc1\" class=\"has-inline-background\">animent mon <strong>imagination<\/strong><\/span>. <\/p>\n\n\n\n<h2 class=\"wp-block-heading\">Quand tout \u00e0 coup\u2026<\/h2>\n\n\n\n<p class=\"has-text-align-justify\">Le<strong> jeu de r\u00f4le<\/strong> est un premier pas sur le chemin vers la narration. En 2017, je transforme un de mes sc\u00e9narios venant de l&rsquo;univers de R\u00eave de Dragon en roman pour me faire la main. Exercice convaincant, en 2020 je reprends une cr\u00e9ation originale \u00e9bauch\u00e9e au d\u00e9but de mon parcours d&rsquo;\u00e9tudiant. <strong>Lovely XYX<\/strong> prend forme et sera prochainement publi\u00e9 en <strong>auto-\u00e9dition<\/strong>.<\/p>\n\n\n\n<p class=\"has-text-align-justify\">Aujourd\u2019hui, <span style=\"background-color:#fcedc1\" class=\"has-inline-background\">j&rsquo;accompagne les <\/span><strong><span style=\"background-color:#fcedc1\" class=\"has-inline-background\">auteurs<\/span> <\/strong>pour transporter les lecteurs dans leurs univers et leurs r\u00e9cits. <span style=\"background-color:#fcedc1\" class=\"has-inline-background\">J&rsquo;apporte ma <strong>touche cr\u00e9ative<\/strong><\/span>&nbsp;: d\u00e9licate alchimie d\u2019onirisme et de fantastique avec un soup\u00e7on de romantisme. Et en parall\u00e8le, <span style=\"background-color:#fcedc1\" class=\"has-inline-background\">j&rsquo;\u00e9cris mes <\/span><strong><span style=\"background-color:#fcedc1\" class=\"has-inline-background\">histoires<\/span> <\/strong>pour mon propre public.<\/p>\n<\/div>\n\n\n\n<div class=\"wp-block-column is-layout-flow wp-block-column-is-layout-flow\" style=\"flex-basis:33.33%\">\n<figure class=\"wp-block-image size-full is-style-editorskit-circular\"><img loading=\"lazy\" decoding=\"async\" width=\"800\" height=\"800\" src=\"https:\/\/www.pf-auteur.com\/blog\/wp-content\/uploads\/2022\/07\/photo_profil_2_800x800.jpg\" alt=\"\" class=\"wp-image-1390\" srcset=\"https:\/\/www.pf-auteur.com\/blog\/wp-content\/uploads\/2022\/07\/photo_profil_2_800x800.jpg 800w, https:\/\/www.pf-auteur.com\/blog\/wp-content\/uploads\/2022\/07\/photo_profil_2_800x800-300x300.jpg 300w, https:\/\/www.pf-auteur.com\/blog\/wp-content\/uploads\/2022\/07\/photo_profil_2_800x800-150x150.jpg 150w, https:\/\/www.pf-auteur.com\/blog\/wp-content\/uploads\/2022\/07\/photo_profil_2_800x800-768x768.jpg 768w, https:\/\/www.pf-auteur.com\/blog\/wp-content\/uploads\/2022\/07\/photo_profil_2_800x800-100x100.jpg 100w\" sizes=\"auto, (max-width: 706px) 89vw, (max-width: 767px) 82vw, 740px\" \/><\/figure>\n\n\n\n<div class=\"wp-block-group has-background\" style=\"background-color:#dddddd\"><div class=\"wp-block-group__inner-container is-layout-flow wp-block-group-is-layout-flow\">\n<p>Retrouvez mon <strong>portfolio<\/strong> ici&nbsp;: <br><a aria-label=\"patrick-fontaine.com (opens in a new tab)\" href=\"http:\/\/www.patrick-fontaine.com\" target=\"_blank\" rel=\"noreferrer noopener\" class=\"ek-link\">patrick-fontaine.com<\/a><\/p>\n<\/div><\/div>\n<\/div>\n<\/div>\n\n\n\n<div class=\"wp-block-group\"><div class=\"wp-block-group__inner-container is-layout-flow wp-block-group-is-layout-flow\">\n<hr class=\"wp-block-separator has-text-color has-alpha-channel-opacity has-background is-style-default\" style=\"background-color:#fcedc1;color:#fcedc1\"\/>\n\n\n\n<h2 class=\"has-text-align-center wp-block-heading\">Mes r\u00e9seaux sociaux<\/h2>\n\n\n\n<ul class=\"wp-block-social-links has-large-icon-size has-icon-background-color is-content-justification-center is-layout-flex wp-container-core-social-links-is-layout-16018d1d wp-block-social-links-is-layout-flex\"><li style=\"background-color:#ffdd84;\" class=\"wp-social-link wp-social-link-facebook  wp-block-social-link\"><a rel=\"noopener nofollow\" target=\"_blank\" href=\"https:\/\/www.facebook.com\/PatrickFontaine.auteur\" class=\"wp-block-social-link-anchor\"><svg width=\"24\" height=\"24\" viewBox=\"0 0 24 24\" version=\"1.1\" xmlns=\"http:\/\/www.w3.org\/2000\/svg\" aria-hidden=\"true\" focusable=\"false\"><path d=\"M12 2C6.5 2 2 6.5 2 12c0 5 3.7 9.1 8.4 9.9v-7H7.9V12h2.5V9.8c0-2.5 1.5-3.9 3.8-3.9 1.1 0 2.2.2 2.2.2v2.5h-1.3c-1.2 0-1.6.8-1.6 1.6V12h2.8l-.4 2.9h-2.3v7C18.3 21.1 22 17 22 12c0-5.5-4.5-10-10-10z\"><\/path><\/svg><span class=\"wp-block-social-link-label screen-reader-text\">Facebook<\/span><\/a><\/li>\n\n<li style=\"background-color:#ffdd84;\" class=\"wp-social-link wp-social-link-twitter  wp-block-social-link\"><a rel=\"noopener nofollow\" target=\"_blank\" href=\"https:\/\/twitter.com\/hello_patrickF\" class=\"wp-block-social-link-anchor\"><svg width=\"24\" height=\"24\" viewBox=\"0 0 24 24\" version=\"1.1\" xmlns=\"http:\/\/www.w3.org\/2000\/svg\" aria-hidden=\"true\" focusable=\"false\"><path d=\"M22.23,5.924c-0.736,0.326-1.527,0.547-2.357,0.646c0.847-0.508,1.498-1.312,1.804-2.27 c-0.793,0.47-1.671,0.812-2.606,0.996C18.324,4.498,17.257,4,16.077,4c-2.266,0-4.103,1.837-4.103,4.103 c0,0.322,0.036,0.635,0.106,0.935C8.67,8.867,5.647,7.234,3.623,4.751C3.27,5.357,3.067,6.062,3.067,6.814 c0,1.424,0.724,2.679,1.825,3.415c-0.673-0.021-1.305-0.206-1.859-0.513c0,0.017,0,0.034,0,0.052c0,1.988,1.414,3.647,3.292,4.023 c-0.344,0.094-0.707,0.144-1.081,0.144c-0.264,0-0.521-0.026-0.772-0.074c0.522,1.63,2.038,2.816,3.833,2.85 c-1.404,1.1-3.174,1.756-5.096,1.756c-0.331,0-0.658-0.019-0.979-0.057c1.816,1.164,3.973,1.843,6.29,1.843 c7.547,0,11.675-6.252,11.675-11.675c0-0.178-0.004-0.355-0.012-0.531C20.985,7.47,21.68,6.747,22.23,5.924z\"><\/path><\/svg><span class=\"wp-block-social-link-label screen-reader-text\">Twitter<\/span><\/a><\/li>\n\n<li style=\"background-color:#ffdd84;\" class=\"wp-social-link wp-social-link-instagram  wp-block-social-link\"><a rel=\"noopener nofollow\" target=\"_blank\" href=\"https:\/\/www.instagram.com\/patrick.fontaine.auteur\/\" class=\"wp-block-social-link-anchor\"><svg width=\"24\" height=\"24\" viewBox=\"0 0 24 24\" version=\"1.1\" xmlns=\"http:\/\/www.w3.org\/2000\/svg\" aria-hidden=\"true\" focusable=\"false\"><path d=\"M12,4.622c2.403,0,2.688,0.009,3.637,0.052c0.877,0.04,1.354,0.187,1.671,0.31c0.42,0.163,0.72,0.358,1.035,0.673 c0.315,0.315,0.51,0.615,0.673,1.035c0.123,0.317,0.27,0.794,0.31,1.671c0.043,0.949,0.052,1.234,0.052,3.637 s-0.009,2.688-0.052,3.637c-0.04,0.877-0.187,1.354-0.31,1.671c-0.163,0.42-0.358,0.72-0.673,1.035 c-0.315,0.315-0.615,0.51-1.035,0.673c-0.317,0.123-0.794,0.27-1.671,0.31c-0.949,0.043-1.233,0.052-3.637,0.052 s-2.688-0.009-3.637-0.052c-0.877-0.04-1.354-0.187-1.671-0.31c-0.42-0.163-0.72-0.358-1.035-0.673 c-0.315-0.315-0.51-0.615-0.673-1.035c-0.123-0.317-0.27-0.794-0.31-1.671C4.631,14.688,4.622,14.403,4.622,12 s0.009-2.688,0.052-3.637c0.04-0.877,0.187-1.354,0.31-1.671c0.163-0.42,0.358-0.72,0.673-1.035 c0.315-0.315,0.615-0.51,1.035-0.673c0.317-0.123,0.794-0.27,1.671-0.31C9.312,4.631,9.597,4.622,12,4.622 M12,3 C9.556,3,9.249,3.01,8.289,3.054C7.331,3.098,6.677,3.25,6.105,3.472C5.513,3.702,5.011,4.01,4.511,4.511 c-0.5,0.5-0.808,1.002-1.038,1.594C3.25,6.677,3.098,7.331,3.054,8.289C3.01,9.249,3,9.556,3,12c0,2.444,0.01,2.751,0.054,3.711 c0.044,0.958,0.196,1.612,0.418,2.185c0.23,0.592,0.538,1.094,1.038,1.594c0.5,0.5,1.002,0.808,1.594,1.038 c0.572,0.222,1.227,0.375,2.185,0.418C9.249,20.99,9.556,21,12,21s2.751-0.01,3.711-0.054c0.958-0.044,1.612-0.196,2.185-0.418 c0.592-0.23,1.094-0.538,1.594-1.038c0.5-0.5,0.808-1.002,1.038-1.594c0.222-0.572,0.375-1.227,0.418-2.185 C20.99,14.751,21,14.444,21,12s-0.01-2.751-0.054-3.711c-0.044-0.958-0.196-1.612-0.418-2.185c-0.23-0.592-0.538-1.094-1.038-1.594 c-0.5-0.5-1.002-0.808-1.594-1.038c-0.572-0.222-1.227-0.375-2.185-0.418C14.751,3.01,14.444,3,12,3L12,3z M12,7.378 c-2.552,0-4.622,2.069-4.622,4.622S9.448,16.622,12,16.622s4.622-2.069,4.622-4.622S14.552,7.378,12,7.378z M12,15 c-1.657,0-3-1.343-3-3s1.343-3,3-3s3,1.343,3,3S13.657,15,12,15z M16.804,6.116c-0.596,0-1.08,0.484-1.08,1.08 s0.484,1.08,1.08,1.08c0.596,0,1.08-0.484,1.08-1.08S17.401,6.116,16.804,6.116z\"><\/path><\/svg><span class=\"wp-block-social-link-label screen-reader-text\">Instagram<\/span><\/a><\/li><\/ul>\n\n\n\n<hr class=\"wp-block-separator has-text-color has-alpha-channel-opacity has-background is-style-default\" style=\"background-color:#fcedc1;color:#fcedc1\"\/>\n\n\n\n<p class=\"has-text-align-center\">Inscrivez-vous \u00e0 ma <strong>newsletter<\/strong> pour suivre mon actualit\u00e9,<br>t\u00e9l\u00e9charger mon <strong>Mini Art-Book<\/strong> <br>et lire la premi\u00e8re partie de <strong>Lovely XYX<\/strong> en exclusivit\u00e9.<\/p>\n\n\n\n<div class=\"wp-block-buttons is-layout-flex wp-block-buttons-is-layout-flex\">\n<div class=\"wp-block-button aligncenter has-custom-font-size is-style-fill has-medium-font-size\"><a class=\"wp-block-button__link has-background\" href=\"https:\/\/www.pf-auteur.com\/blog\/index.php\/newsletter\/\" style=\"background-color:#e36c59\"><strong>Je deviens un <\/strong>lecteur VIP<\/a><\/div>\n<\/div>\n<\/div><\/div>\n","protected":false},"excerpt":{"rendered":"<p>Il \u00e9tait une fois\u2026 N\u00e9 \u00e0 l\u2019\u00cele de la R\u00e9union, j&rsquo;ai \u00e9tudi\u00e9 la communication visuelle et les arts appliqu\u00e9s en M\u00e9tropole. Apr\u00e8s avoir accumul\u00e9 des exp\u00e9riences dans des agences pendant dix ans en tant que graphiste je reviens \u00e0 ma premi\u00e8re passion&nbsp;: l\u2019illustration. Rapidement, l&rsquo;envie d&rsquo;aller plus loin s&rsquo;installe\u2026 un dessin ne raconte pas assez&nbsp;! &hellip; <\/p>\n<p class=\"link-more\"><a href=\"https:\/\/www.pf-auteur.com\/blog\/a-propos-de\/\" class=\"more-link\">Continuer la lecture<span class=\"screen-reader-text\"> de &laquo;&nbsp;\u00c0 propos de&nbsp;&raquo;<\/span><\/a><\/p>\n","protected":false},"author":1,"featured_media":0,"parent":0,"menu_order":0,"comment_status":"closed","ping_status":"closed","template":"","meta":{"_editorskit_title_hidden":false,"_editorskit_reading_time":1,"_editorskit_is_block_options_detached":false,"_editorskit_block_options_position":"{}","footnotes":""},"class_list":["post-6","page","type-page","status-publish","hentry"],"yoast_head":"<!-- This site is optimized with the Yoast SEO plugin v27.5 - https:\/\/yoast.com\/product\/yoast-seo-wordpress\/ -->\n<title>\u00c0 propos de - Patrick Fontaine - Auteur<\/title>\n<meta name=\"robots\" content=\"index, follow, max-snippet:-1, max-image-preview:large, max-video-preview:-1\" \/>\n<link rel=\"canonical\" href=\"https:\/\/www.pf-auteur.com\/blog\/a-propos-de\/\" \/>\n<meta property=\"og:locale\" content=\"fr_FR\" \/>\n<meta property=\"og:type\" content=\"article\" \/>\n<meta property=\"og:title\" content=\"\u00c0 propos de - Patrick Fontaine - Auteur\" \/>\n<meta property=\"og:description\" content=\"Il \u00e9tait une fois\u2026 N\u00e9 \u00e0 l\u2019\u00cele de la R\u00e9union, j&rsquo;ai \u00e9tudi\u00e9 la communication visuelle et les arts appliqu\u00e9s en M\u00e9tropole. Apr\u00e8s avoir accumul\u00e9 des exp\u00e9riences dans des agences pendant dix ans en tant que graphiste je reviens \u00e0 ma premi\u00e8re passion&nbsp;: l\u2019illustration. Rapidement, l&rsquo;envie d&rsquo;aller plus loin s&rsquo;installe\u2026 un dessin ne raconte pas assez&nbsp;! &hellip; Continuer la lecture de &laquo;&nbsp;\u00c0 propos de&nbsp;&raquo;\" \/>\n<meta property=\"og:url\" content=\"https:\/\/www.pf-auteur.com\/blog\/a-propos-de\/\" \/>\n<meta property=\"og:site_name\" content=\"Patrick Fontaine - Auteur\" \/>\n<meta property=\"article:publisher\" content=\"https:\/\/www.facebook.com\/PatrickFontaine.auteur\" \/>\n<meta property=\"article:modified_time\" content=\"2024-10-07T10:42:18+00:00\" \/>\n<meta property=\"og:image\" content=\"https:\/\/www.pf-auteur.com\/blog\/wp-content\/uploads\/2022\/07\/photo_profil_2_800x800.jpg\" \/>\n<meta name=\"twitter:card\" content=\"summary_large_image\" \/>\n<meta name=\"twitter:site\" content=\"@hello_patrickF\" \/>\n<meta name=\"twitter:label1\" content=\"Dur\u00e9e de lecture estim\u00e9e\" \/>\n\t<meta name=\"twitter:data1\" content=\"2 minutes\" \/>\n<script type=\"application\/ld+json\" class=\"yoast-schema-graph\">{\"@context\":\"https:\\\/\\\/schema.org\",\"@graph\":[{\"@type\":\"WebPage\",\"@id\":\"https:\\\/\\\/www.pf-auteur.com\\\/blog\\\/a-propos-de\\\/\",\"url\":\"https:\\\/\\\/www.pf-auteur.com\\\/blog\\\/a-propos-de\\\/\",\"name\":\"\u00c0 propos de - Patrick Fontaine - Auteur\",\"isPartOf\":{\"@id\":\"https:\\\/\\\/www.pf-auteur.com\\\/blog\\\/#website\"},\"primaryImageOfPage\":{\"@id\":\"https:\\\/\\\/www.pf-auteur.com\\\/blog\\\/a-propos-de\\\/#primaryimage\"},\"image\":{\"@id\":\"https:\\\/\\\/www.pf-auteur.com\\\/blog\\\/a-propos-de\\\/#primaryimage\"},\"thumbnailUrl\":\"https:\\\/\\\/www.pf-auteur.com\\\/blog\\\/wp-content\\\/uploads\\\/2022\\\/07\\\/photo_profil_2_800x800.jpg\",\"datePublished\":\"2021-11-18T13:06:32+00:00\",\"dateModified\":\"2024-10-07T10:42:18+00:00\",\"breadcrumb\":{\"@id\":\"https:\\\/\\\/www.pf-auteur.com\\\/blog\\\/a-propos-de\\\/#breadcrumb\"},\"inLanguage\":\"fr-FR\",\"potentialAction\":[{\"@type\":\"ReadAction\",\"target\":[\"https:\\\/\\\/www.pf-auteur.com\\\/blog\\\/a-propos-de\\\/\"]}]},{\"@type\":\"ImageObject\",\"inLanguage\":\"fr-FR\",\"@id\":\"https:\\\/\\\/www.pf-auteur.com\\\/blog\\\/a-propos-de\\\/#primaryimage\",\"url\":\"https:\\\/\\\/www.pf-auteur.com\\\/blog\\\/wp-content\\\/uploads\\\/2022\\\/07\\\/photo_profil_2_800x800.jpg\",\"contentUrl\":\"https:\\\/\\\/www.pf-auteur.com\\\/blog\\\/wp-content\\\/uploads\\\/2022\\\/07\\\/photo_profil_2_800x800.jpg\",\"width\":800,\"height\":800},{\"@type\":\"BreadcrumbList\",\"@id\":\"https:\\\/\\\/www.pf-auteur.com\\\/blog\\\/a-propos-de\\\/#breadcrumb\",\"itemListElement\":[{\"@type\":\"ListItem\",\"position\":1,\"name\":\"Accueil\",\"item\":\"https:\\\/\\\/www.pf-auteur.com\\\/blog\\\/\"},{\"@type\":\"ListItem\",\"position\":2,\"name\":\"\u00c0 propos de\"}]},{\"@type\":\"WebSite\",\"@id\":\"https:\\\/\\\/www.pf-auteur.com\\\/blog\\\/#website\",\"url\":\"https:\\\/\\\/www.pf-auteur.com\\\/blog\\\/\",\"name\":\"Patrick Fontaine - Auteur\",\"description\":\"Fantasy, Fantastique, Romance &amp; Illustration\",\"publisher\":{\"@id\":\"https:\\\/\\\/www.pf-auteur.com\\\/blog\\\/#\\\/schema\\\/person\\\/480604fbab2f497e42c8917bd0ce513e\"},\"potentialAction\":[{\"@type\":\"SearchAction\",\"target\":{\"@type\":\"EntryPoint\",\"urlTemplate\":\"https:\\\/\\\/www.pf-auteur.com\\\/blog\\\/?s={search_term_string}\"},\"query-input\":{\"@type\":\"PropertyValueSpecification\",\"valueRequired\":true,\"valueName\":\"search_term_string\"}}],\"inLanguage\":\"fr-FR\"},{\"@type\":[\"Person\",\"Organization\"],\"@id\":\"https:\\\/\\\/www.pf-auteur.com\\\/blog\\\/#\\\/schema\\\/person\\\/480604fbab2f497e42c8917bd0ce513e\",\"name\":\"Patrick\",\"image\":{\"@type\":\"ImageObject\",\"inLanguage\":\"fr-FR\",\"@id\":\"https:\\\/\\\/secure.gravatar.com\\\/avatar\\\/dc4ed6542089290766e4a561a48ec906f5c2c47cb9086634bc1775aafcb0b85c?s=96&d=mm&r=g\",\"url\":\"https:\\\/\\\/secure.gravatar.com\\\/avatar\\\/dc4ed6542089290766e4a561a48ec906f5c2c47cb9086634bc1775aafcb0b85c?s=96&d=mm&r=g\",\"contentUrl\":\"https:\\\/\\\/secure.gravatar.com\\\/avatar\\\/dc4ed6542089290766e4a561a48ec906f5c2c47cb9086634bc1775aafcb0b85c?s=96&d=mm&r=g\",\"caption\":\"Patrick\"},\"logo\":{\"@id\":\"https:\\\/\\\/secure.gravatar.com\\\/avatar\\\/dc4ed6542089290766e4a561a48ec906f5c2c47cb9086634bc1775aafcb0b85c?s=96&d=mm&r=g\"},\"sameAs\":[\"http:\\\/\\\/www.pf-auteur.com\\\/blog\",\"https:\\\/\\\/www.facebook.com\\\/PatrickFontaine.auteur\",\"https:\\\/\\\/www.instagram.com\\\/patrick.fontaine.auteur\\\/\",\"https:\\\/\\\/x.com\\\/https:\\\/\\\/twitter.com\\\/hello_patrickF\"]}]}<\/script>\n<!-- \/ Yoast SEO plugin. -->","yoast_head_json":{"title":"\u00c0 propos de - Patrick Fontaine - Auteur","robots":{"index":"index","follow":"follow","max-snippet":"max-snippet:-1","max-image-preview":"max-image-preview:large","max-video-preview":"max-video-preview:-1"},"canonical":"https:\/\/www.pf-auteur.com\/blog\/a-propos-de\/","og_locale":"fr_FR","og_type":"article","og_title":"\u00c0 propos de - Patrick Fontaine - Auteur","og_description":"Il \u00e9tait une fois\u2026 N\u00e9 \u00e0 l\u2019\u00cele de la R\u00e9union, j&rsquo;ai \u00e9tudi\u00e9 la communication visuelle et les arts appliqu\u00e9s en M\u00e9tropole. Apr\u00e8s avoir accumul\u00e9 des exp\u00e9riences dans des agences pendant dix ans en tant que graphiste je reviens \u00e0 ma premi\u00e8re passion&nbsp;: l\u2019illustration. Rapidement, l&rsquo;envie d&rsquo;aller plus loin s&rsquo;installe\u2026 un dessin ne raconte pas assez&nbsp;! &hellip; Continuer la lecture de &laquo;&nbsp;\u00c0 propos de&nbsp;&raquo;","og_url":"https:\/\/www.pf-auteur.com\/blog\/a-propos-de\/","og_site_name":"Patrick Fontaine - Auteur","article_publisher":"https:\/\/www.facebook.com\/PatrickFontaine.auteur","article_modified_time":"2024-10-07T10:42:18+00:00","og_image":[{"url":"https:\/\/www.pf-auteur.com\/blog\/wp-content\/uploads\/2022\/07\/photo_profil_2_800x800.jpg","type":"","width":"","height":""}],"twitter_card":"summary_large_image","twitter_site":"@hello_patrickF","twitter_misc":{"Dur\u00e9e de lecture estim\u00e9e":"2 minutes"},"schema":{"@context":"https:\/\/schema.org","@graph":[{"@type":"WebPage","@id":"https:\/\/www.pf-auteur.com\/blog\/a-propos-de\/","url":"https:\/\/www.pf-auteur.com\/blog\/a-propos-de\/","name":"\u00c0 propos de - Patrick Fontaine - Auteur","isPartOf":{"@id":"https:\/\/www.pf-auteur.com\/blog\/#website"},"primaryImageOfPage":{"@id":"https:\/\/www.pf-auteur.com\/blog\/a-propos-de\/#primaryimage"},"image":{"@id":"https:\/\/www.pf-auteur.com\/blog\/a-propos-de\/#primaryimage"},"thumbnailUrl":"https:\/\/www.pf-auteur.com\/blog\/wp-content\/uploads\/2022\/07\/photo_profil_2_800x800.jpg","datePublished":"2021-11-18T13:06:32+00:00","dateModified":"2024-10-07T10:42:18+00:00","breadcrumb":{"@id":"https:\/\/www.pf-auteur.com\/blog\/a-propos-de\/#breadcrumb"},"inLanguage":"fr-FR","potentialAction":[{"@type":"ReadAction","target":["https:\/\/www.pf-auteur.com\/blog\/a-propos-de\/"]}]},{"@type":"ImageObject","inLanguage":"fr-FR","@id":"https:\/\/www.pf-auteur.com\/blog\/a-propos-de\/#primaryimage","url":"https:\/\/www.pf-auteur.com\/blog\/wp-content\/uploads\/2022\/07\/photo_profil_2_800x800.jpg","contentUrl":"https:\/\/www.pf-auteur.com\/blog\/wp-content\/uploads\/2022\/07\/photo_profil_2_800x800.jpg","width":800,"height":800},{"@type":"BreadcrumbList","@id":"https:\/\/www.pf-auteur.com\/blog\/a-propos-de\/#breadcrumb","itemListElement":[{"@type":"ListItem","position":1,"name":"Accueil","item":"https:\/\/www.pf-auteur.com\/blog\/"},{"@type":"ListItem","position":2,"name":"\u00c0 propos de"}]},{"@type":"WebSite","@id":"https:\/\/www.pf-auteur.com\/blog\/#website","url":"https:\/\/www.pf-auteur.com\/blog\/","name":"Patrick Fontaine - Auteur","description":"Fantasy, Fantastique, Romance &amp; Illustration","publisher":{"@id":"https:\/\/www.pf-auteur.com\/blog\/#\/schema\/person\/480604fbab2f497e42c8917bd0ce513e"},"potentialAction":[{"@type":"SearchAction","target":{"@type":"EntryPoint","urlTemplate":"https:\/\/www.pf-auteur.com\/blog\/?s={search_term_string}"},"query-input":{"@type":"PropertyValueSpecification","valueRequired":true,"valueName":"search_term_string"}}],"inLanguage":"fr-FR"},{"@type":["Person","Organization"],"@id":"https:\/\/www.pf-auteur.com\/blog\/#\/schema\/person\/480604fbab2f497e42c8917bd0ce513e","name":"Patrick","image":{"@type":"ImageObject","inLanguage":"fr-FR","@id":"https:\/\/secure.gravatar.com\/avatar\/dc4ed6542089290766e4a561a48ec906f5c2c47cb9086634bc1775aafcb0b85c?s=96&d=mm&r=g","url":"https:\/\/secure.gravatar.com\/avatar\/dc4ed6542089290766e4a561a48ec906f5c2c47cb9086634bc1775aafcb0b85c?s=96&d=mm&r=g","contentUrl":"https:\/\/secure.gravatar.com\/avatar\/dc4ed6542089290766e4a561a48ec906f5c2c47cb9086634bc1775aafcb0b85c?s=96&d=mm&r=g","caption":"Patrick"},"logo":{"@id":"https:\/\/secure.gravatar.com\/avatar\/dc4ed6542089290766e4a561a48ec906f5c2c47cb9086634bc1775aafcb0b85c?s=96&d=mm&r=g"},"sameAs":["http:\/\/www.pf-auteur.com\/blog","https:\/\/www.facebook.com\/PatrickFontaine.auteur","https:\/\/www.instagram.com\/patrick.fontaine.auteur\/","https:\/\/x.com\/https:\/\/twitter.com\/hello_patrickF"]}]}},"jetpack_sharing_enabled":true,"_links":{"self":[{"href":"https:\/\/www.pf-auteur.com\/blog\/wp-json\/wp\/v2\/pages\/6","targetHints":{"allow":["GET"]}}],"collection":[{"href":"https:\/\/www.pf-auteur.com\/blog\/wp-json\/wp\/v2\/pages"}],"about":[{"href":"https:\/\/www.pf-auteur.com\/blog\/wp-json\/wp\/v2\/types\/page"}],"author":[{"embeddable":true,"href":"https:\/\/www.pf-auteur.com\/blog\/wp-json\/wp\/v2\/users\/1"}],"replies":[{"embeddable":true,"href":"https:\/\/www.pf-auteur.com\/blog\/wp-json\/wp\/v2\/comments?post=6"}],"version-history":[{"count":24,"href":"https:\/\/www.pf-auteur.com\/blog\/wp-json\/wp\/v2\/pages\/6\/revisions"}],"predecessor-version":[{"id":2399,"href":"https:\/\/www.pf-auteur.com\/blog\/wp-json\/wp\/v2\/pages\/6\/revisions\/2399"}],"wp:attachment":[{"href":"https:\/\/www.pf-auteur.com\/blog\/wp-json\/wp\/v2\/media?parent=6"}],"curies":[{"name":"wp","href":"https:\/\/api.w.org\/{rel}","templated":true}]}}